{"id":571,"date":"2018-10-01T13:10:34","date_gmt":"2018-10-01T13:10:34","guid":{"rendered":"https:\/\/pecenjarabracapalic.com\/?page_id=571"},"modified":"2024-08-08T15:29:47","modified_gmt":"2024-08-08T15:29:47","slug":"contact-us","status":"publish","type":"page","link":"https:\/\/pecenjarabracapalic.com\/?page_id=571","title":{"rendered":"Kontakt"},"content":{"rendered":"\t\t<div data-elementor-type=\"wp-post\" data-elementor-id=\"571\" class=\"elementor elementor-571\">\n\t\t\t\t\t\t<section class=\"elementor-section elementor-top-section elementor-element elementor-element-49a32edb elementor-section-height-min-height elementor-section-content-middle elementor-section-boxed elementor-section-height-default elementor-section-items-middle\" data-id=\"49a32edb\" data-element_type=\"section\" data-settings=\"{&quot;background_background&quot;:&quot;classic&quot;,&quot;shape_divider_bottom&quot;:&quot;triangle&quot;}\">\n\t\t\t\t\t\t\t<div class=\"elementor-background-overlay\"><\/div>\n\t\t\t\t\t\t<div class=\"elementor-shape elementor-shape-bottom\" data-negative=\"false\">\n\t\t\t<svg xmlns=\"http:\/\/www.w3.org\/2000\/svg\" viewBox=\"0 0 1000 100\" preserveAspectRatio=\"none\">\n\t<path class=\"elementor-shape-fill\" d=\"M500,98.9L0,6.1V0h1000v6.1L500,98.9z\"\/>\n<\/svg>\t\t<\/div>\n\t\t\t\t\t<div class=\"elementor-container elementor-column-gap-extended\">\n\t\t\t\t\t<div class=\"elementor-column elementor-col-16 elementor-top-column elementor-element elementor-element-6e49c345\" data-id=\"6e49c345\" data-element_type=\"column\">\n\t\t\t<div class=\"elementor-widget-wrap\">\n\t\t\t\t\t\t\t<\/div>\n\t\t<\/div>\n\t\t\t\t<div class=\"elementor-column elementor-col-66 elementor-top-column elementor-element elementor-element-28c9d61d\" data-id=\"28c9d61d\" data-element_type=\"column\">\n\t\t\t<div class=\"elementor-widget-wrap elementor-element-populated\">\n\t\t\t\t\t\t<div class=\"elementor-element elementor-element-74358757 elementor-widget elementor-widget-image\" data-id=\"74358757\" data-element_type=\"widget\" data-widget_type=\"image.default\">\n\t\t\t\t<div class=\"elementor-widget-container\">\n\t\t\t\t\t\t\t\t\t\t\t\t\t\t\t<img decoding=\"async\" width=\"200\" height=\"35\" src=\"https:\/\/pecenjarabracapalic.com\/wp-content\/uploads\/2021\/07\/divider-free-img-1.png\" class=\"attachment-full size-full wp-image-572\" alt=\"\" \/>\t\t\t\t\t\t\t\t\t\t\t\t\t\t\t<\/div>\n\t\t\t\t<\/div>\n\t\t\t\t<div class=\"elementor-element elementor-element-56d84266 elementor-invisible elementor-widget elementor-widget-heading\" data-id=\"56d84266\" data-element_type=\"widget\" data-settings=\"{&quot;_animation&quot;:&quot;fadeInDown&quot;}\" data-widget_type=\"heading.default\">\n\t\t\t\t<div class=\"elementor-widget-container\">\n\t\t\t\t\t<h3 class=\"elementor-heading-title elementor-size-default\">Naru\u010dite svoje omiljeno jelo<\/h3>\t\t\t\t<\/div>\n\t\t\t\t<\/div>\n\t\t\t\t<div class=\"elementor-element elementor-element-65a52cee elementor-invisible elementor-widget elementor-widget-heading\" data-id=\"65a52cee\" data-element_type=\"widget\" data-settings=\"{&quot;_animation&quot;:&quot;fadeInUp&quot;,&quot;_animation_delay&quot;:200}\" data-widget_type=\"heading.default\">\n\t\t\t\t<div class=\"elementor-widget-container\">\n\t\t\t\t\t<h1 class=\"elementor-heading-title elementor-size-default\">Nazovite nas!<\/h1>\t\t\t\t<\/div>\n\t\t\t\t<\/div>\n\t\t\t\t<div class=\"elementor-element elementor-element-1b641ebf elementor-hidden-phone elementor-invisible elementor-widget elementor-widget-text-editor\" data-id=\"1b641ebf\" data-element_type=\"widget\" data-settings=\"{&quot;_animation&quot;:&quot;fadeInUp&quot;,&quot;_animation_delay&quot;:400}\" data-widget_type=\"text-editor.default\">\n\t\t\t\t<div class=\"elementor-widget-container\">\n\t\t\t\t\t\t\t\t\t<p>Na\u0161i dostavlja\u010di marljivo rade da bi do vas stiglo naru\u010deno jelo u najkra\u010dem mogu\u0107em roku.<\/p>\t\t\t\t\t\t\t\t<\/div>\n\t\t\t\t<\/div>\n\t\t\t\t\t<\/div>\n\t\t<\/div>\n\t\t\t\t<div class=\"elementor-column elementor-col-16 elementor-top-column elementor-element elementor-element-76eedbff\" data-id=\"76eedbff\" data-element_type=\"column\">\n\t\t\t<div class=\"elementor-widget-wrap\">\n\t\t\t\t\t\t\t<\/div>\n\t\t<\/div>\n\t\t\t\t\t<\/div>\n\t\t<\/section>\n\t\t\t\t<section class=\"elementor-section elementor-top-section elementor-element elementor-element-aae1653 elementor-section-boxed elementor-section-height-default elementor-section-height-default\" data-id=\"aae1653\" data-element_type=\"section\" data-settings=\"{&quot;background_background&quot;:&quot;classic&quot;}\">\n\t\t\t\t\t\t<div class=\"elementor-container elementor-column-gap-no\">\n\t\t\t\t\t<div class=\"elementor-column elementor-col-100 elementor-top-column elementor-element elementor-element-5f73514a\" data-id=\"5f73514a\" data-element_type=\"column\">\n\t\t\t<div class=\"elementor-widget-wrap elementor-element-populated\">\n\t\t\t\t\t\t<section class=\"elementor-section elementor-inner-section elementor-element elementor-element-16c5b7e elementor-section-boxed elementor-section-height-default elementor-section-height-default\" data-id=\"16c5b7e\" data-element_type=\"section\">\n\t\t\t\t\t\t<div class=\"elementor-container elementor-column-gap-default\">\n\t\t\t\t\t<div class=\"elementor-column elementor-col-25 elementor-inner-column elementor-element elementor-element-2bde056\" data-id=\"2bde056\" data-element_type=\"column\">\n\t\t\t<div class=\"elementor-widget-wrap\">\n\t\t\t\t\t\t\t<\/div>\n\t\t<\/div>\n\t\t\t\t<div class=\"elementor-column elementor-col-50 elementor-inner-column elementor-element elementor-element-9dd2b52\" data-id=\"9dd2b52\" data-element_type=\"column\">\n\t\t\t<div class=\"elementor-widget-wrap elementor-element-populated\">\n\t\t\t\t\t\t<div class=\"elementor-element elementor-element-3dbd295 elementor-invisible elementor-widget elementor-widget-heading\" data-id=\"3dbd295\" data-element_type=\"widget\" data-settings=\"{&quot;_animation&quot;:&quot;fadeInDown&quot;}\" data-widget_type=\"heading.default\">\n\t\t\t\t<div class=\"elementor-widget-container\">\n\t\t\t\t\t<h2 class=\"elementor-heading-title elementor-size-default\">Radno vrijeme<\/h2>\t\t\t\t<\/div>\n\t\t\t\t<\/div>\n\t\t\t\t\t<\/div>\n\t\t<\/div>\n\t\t\t\t<div class=\"elementor-column elementor-col-25 elementor-inner-column elementor-element elementor-element-7d1cbe6\" data-id=\"7d1cbe6\" data-element_type=\"column\">\n\t\t\t<div class=\"elementor-widget-wrap\">\n\t\t\t\t\t\t\t<\/div>\n\t\t<\/div>\n\t\t\t\t\t<\/div>\n\t\t<\/section>\n\t\t\t\t<section class=\"elementor-section elementor-inner-section elementor-element elementor-element-c15fda7 elementor-section-content-middle elementor-section-boxed elementor-section-height-default elementor-section-height-default\" data-id=\"c15fda7\" data-element_type=\"section\">\n\t\t\t\t\t\t<div class=\"elementor-container elementor-column-gap-extended\">\n\t\t\t\t\t<div class=\"elementor-column elementor-col-20 elementor-inner-column elementor-element elementor-element-60eaaab\" data-id=\"60eaaab\" data-element_type=\"column\">\n\t\t\t<div class=\"elementor-widget-wrap\">\n\t\t\t\t\t\t\t<\/div>\n\t\t<\/div>\n\t\t\t\t<div class=\"elementor-column elementor-col-20 elementor-inner-column elementor-element elementor-element-707dca6\" data-id=\"707dca6\" data-element_type=\"column\">\n\t\t\t<div class=\"elementor-widget-wrap elementor-element-populated\">\n\t\t\t\t\t\t<div class=\"elementor-element elementor-element-3a857d2 elementor-invisible elementor-widget elementor-widget-heading\" data-id=\"3a857d2\" data-element_type=\"widget\" data-settings=\"{&quot;_animation&quot;:&quot;fadeInDown&quot;}\" data-widget_type=\"heading.default\">\n\t\t\t\t<div class=\"elementor-widget-container\">\n\t\t\t\t\t<h3 class=\"elementor-heading-title elementor-size-default\">7:00 do 23:00 h<\/h3>\t\t\t\t<\/div>\n\t\t\t\t<\/div>\n\t\t\t\t<div class=\"elementor-element elementor-element-6bd8033 elementor-invisible elementor-widget elementor-widget-heading\" data-id=\"6bd8033\" data-element_type=\"widget\" data-settings=\"{&quot;_animation&quot;:&quot;fadeInDown&quot;}\" data-widget_type=\"heading.default\">\n\t\t\t\t<div class=\"elementor-widget-container\">\n\t\t\t\t\t<h4 class=\"elementor-heading-title elementor-size-default\"><a href=\"#\">Radnim danom, nedjeljom i praznikom<\/a><\/h4>\t\t\t\t<\/div>\n\t\t\t\t<\/div>\n\t\t\t\t\t<\/div>\n\t\t<\/div>\n\t\t\t\t<div class=\"elementor-column elementor-col-20 elementor-inner-column elementor-element elementor-element-1246dbb\" data-id=\"1246dbb\" data-element_type=\"column\">\n\t\t\t<div class=\"elementor-widget-wrap elementor-element-populated\">\n\t\t\t\t\t\t<div class=\"elementor-element elementor-element-3deacd1 elementor-widget-divider--view-line elementor-widget elementor-widget-divider\" data-id=\"3deacd1\" data-element_type=\"widget\" data-widget_type=\"divider.default\">\n\t\t\t\t<div class=\"elementor-widget-container\">\n\t\t\t\t\t\t\t<div class=\"elementor-divider\">\n\t\t\t<span class=\"elementor-divider-separator\">\n\t\t\t\t\t\t<\/span>\n\t\t<\/div>\n\t\t\t\t\t\t<\/div>\n\t\t\t\t<\/div>\n\t\t\t\t\t<\/div>\n\t\t<\/div>\n\t\t\t\t<div class=\"elementor-column elementor-col-20 elementor-inner-column elementor-element elementor-element-b84d4cf\" data-id=\"b84d4cf\" data-element_type=\"column\">\n\t\t\t<div class=\"elementor-widget-wrap elementor-element-populated\">\n\t\t\t\t\t\t<div class=\"elementor-element elementor-element-a0aa335 elementor-invisible elementor-widget elementor-widget-heading\" data-id=\"a0aa335\" data-element_type=\"widget\" data-settings=\"{&quot;_animation&quot;:&quot;fadeInDown&quot;}\" data-widget_type=\"heading.default\">\n\t\t\t\t<div class=\"elementor-widget-container\">\n\t\t\t\t\t<h3 class=\"elementor-heading-title elementor-size-default\">9:00 do 22:30<\/h3>\t\t\t\t<\/div>\n\t\t\t\t<\/div>\n\t\t\t\t<div class=\"elementor-element elementor-element-21d8b38 elementor-invisible elementor-widget elementor-widget-heading\" data-id=\"21d8b38\" data-element_type=\"widget\" data-settings=\"{&quot;_animation&quot;:&quot;fadeInDown&quot;}\" data-widget_type=\"heading.default\">\n\t\t\t\t<div class=\"elementor-widget-container\">\n\t\t\t\t\t<h4 class=\"elementor-heading-title elementor-size-default\"><a href=\"#\">radno vrijeme dostave<\/a><\/h4>\t\t\t\t<\/div>\n\t\t\t\t<\/div>\n\t\t\t\t\t<\/div>\n\t\t<\/div>\n\t\t\t\t<div class=\"elementor-column elementor-col-20 elementor-inner-column elementor-element elementor-element-dbd7d0a\" data-id=\"dbd7d0a\" data-element_type=\"column\">\n\t\t\t<div class=\"elementor-widget-wrap\">\n\t\t\t\t\t\t\t<\/div>\n\t\t<\/div>\n\t\t\t\t\t<\/div>\n\t\t<\/section>\n\t\t\t\t<section class=\"elementor-section elementor-inner-section elementor-element elementor-element-7879b9c elementor-section-boxed elementor-section-height-default elementor-section-height-default\" data-id=\"7879b9c\" data-element_type=\"section\">\n\t\t\t\t\t\t<div class=\"elementor-container elementor-column-gap-default\">\n\t\t\t\t\t<div class=\"elementor-column elementor-col-25 elementor-inner-column elementor-element elementor-element-51d46df\" data-id=\"51d46df\" data-element_type=\"column\">\n\t\t\t<div class=\"elementor-widget-wrap\">\n\t\t\t\t\t\t\t<\/div>\n\t\t<\/div>\n\t\t\t\t<div class=\"elementor-column elementor-col-50 elementor-inner-column elementor-element elementor-element-d95f09f\" data-id=\"d95f09f\" data-element_type=\"column\">\n\t\t\t<div class=\"elementor-widget-wrap elementor-element-populated\">\n\t\t\t\t\t\t<div class=\"elementor-element elementor-element-5388638 elementor-widget elementor-widget-image\" data-id=\"5388638\" data-element_type=\"widget\" data-widget_type=\"image.default\">\n\t\t\t\t<div class=\"elementor-widget-container\">\n\t\t\t\t\t\t\t\t\t\t\t\t\t\t\t<img decoding=\"async\" width=\"200\" height=\"35\" src=\"https:\/\/pecenjarabracapalic.com\/wp-content\/uploads\/2021\/07\/divider-free-img-1.png\" class=\"attachment-full size-full wp-image-572\" alt=\"\" \/>\t\t\t\t\t\t\t\t\t\t\t\t\t\t\t<\/div>\n\t\t\t\t<\/div>\n\t\t\t\t<div class=\"elementor-element elementor-element-f8227ef elementor-invisible elementor-widget elementor-widget-heading\" data-id=\"f8227ef\" data-element_type=\"widget\" data-settings=\"{&quot;_animation&quot;:&quot;fadeInDown&quot;}\" data-widget_type=\"heading.default\">\n\t\t\t\t<div class=\"elementor-widget-container\">\n\t\t\t\t\t<h2 class=\"elementor-heading-title elementor-size-default\">01 \/ 291 15 79<br>091 \/ 16 66 976<\/h2>\t\t\t\t<\/div>\n\t\t\t\t<\/div>\n\t\t\t\t<div class=\"elementor-element elementor-element-555e149 elementor-widget elementor-widget-text-editor\" data-id=\"555e149\" data-element_type=\"widget\" data-widget_type=\"text-editor.default\">\n\t\t\t\t<div class=\"elementor-widget-container\">\n\t\t\t\t\t\t\t\t\t<p>Ponekad nas je te\u0161ko dobiti zbog mnogobrojnih narud\u017ebi. Budite uporni i strpljivi<\/p>\t\t\t\t\t\t\t\t<\/div>\n\t\t\t\t<\/div>\n\t\t\t\t\t<\/div>\n\t\t<\/div>\n\t\t\t\t<div class=\"elementor-column elementor-col-25 elementor-inner-column elementor-element elementor-element-439ffdb\" data-id=\"439ffdb\" data-element_type=\"column\">\n\t\t\t<div class=\"elementor-widget-wrap\">\n\t\t\t\t\t\t\t<\/div>\n\t\t<\/div>\n\t\t\t\t\t<\/div>\n\t\t<\/section>\n\t\t\t\t<section class=\"elementor-section elementor-inner-section elementor-element elementor-element-1b972dc elementor-section-boxed elementor-section-height-default elementor-section-height-default\" data-id=\"1b972dc\" data-element_type=\"section\">\n\t\t\t\t\t\t<div class=\"elementor-container elementor-column-gap-wider\">\n\t\t\t\t\t<div class=\"elementor-column elementor-col-100 elementor-inner-column elementor-element elementor-element-27c9d0f\" data-id=\"27c9d0f\" data-element_type=\"column\">\n\t\t\t<div class=\"elementor-widget-wrap elementor-element-populated\">\n\t\t\t\t\t\t<div class=\"elementor-element elementor-element-915a5ca elementor-widget elementor-widget-google_maps\" data-id=\"915a5ca\" data-element_type=\"widget\" data-widget_type=\"google_maps.default\">\n\t\t\t\t<div class=\"elementor-widget-container\">\n\t\t\t\t\t\t\t<div class=\"elementor-custom-embed\">\n\t\t\t<iframe loading=\"lazy\"\n\t\t\t\t\tsrc=\"https:\/\/maps.google.com\/maps?q=Koledine%C4%8Dka%204&#038;t=m&#038;z=14&#038;output=embed&#038;iwloc=near\"\n\t\t\t\t\ttitle=\"Koledine\u010dka 4\"\n\t\t\t\t\taria-label=\"Koledine\u010dka 4\"\n\t\t\t><\/iframe>\n\t\t<\/div>\n\t\t\t\t\t\t<\/div>\n\t\t\t\t<\/div>\n\t\t\t\t\t<\/div>\n\t\t<\/div>\n\t\t\t\t\t<\/div>\n\t\t<\/section>\n\t\t\t\t\t<\/div>\n\t\t<\/div>\n\t\t\t\t\t<\/div>\n\t\t<\/section>\n\t\t\t\t<\/div>\n\t\t","protected":false},"excerpt":{"rendered":"<p>Naru\u010dite svoje omiljeno jelo Nazovite nas! Na\u0161i dostavlja\u010di marljivo rade da bi do vas stiglo naru\u010deno jelo u najkra\u010dem mogu\u0107em roku. Radno vrijeme 7:00 do 23:00 h Radnim danom, nedjeljom i praznikom 9:00 do 22:30 radno vrijeme dostave 01 \/ 291 15 79091 \/ 16 66 976 Ponekad nas je te\u0161ko dobiti zbog mnogobrojnih narud\u017ebi. [&hellip;]<\/p>\n","protected":false},"author":2,"featured_media":0,"parent":0,"menu_order":3,"comment_status":"closed","ping_status":"closed","template":"","meta":{"site-sidebar-layout":"no-sidebar","site-content-layout":"page-builder","ast-site-content-layout":"default","site-content-style":"default","site-sidebar-style":"default","ast-global-header-display":"","ast-banner-title-visibility":"","ast-main-header-display":"","ast-hfb-above-header-display":"","ast-hfb-below-header-display":"","ast-hfb-mobile-header-display":"","site-post-title":"disabled","ast-breadcrumbs-content":"","ast-featured-img":"disabled","footer-sml-layout":"","ast-disable-related-posts":"","theme-transparent-header-meta":"default","adv-header-id-meta":"","stick-header-meta":"","header-above-stick-meta":"","header-main-stick-meta":"","header-below-stick-meta":"","astra-migrate-meta-layouts":"default","ast-page-background-enabled":"default","ast-page-background-meta":{"desktop":{"background-color":"","background-image":"","background-repeat":"repeat","background-position":"center center","background-size":"auto","background-attachment":"scroll","background-type":"","background-media":"","overlay-type":"","overlay-color":"","overlay-opacity":"","overlay-gradient":""},"tablet":{"background-color":"","background-image":"","background-repeat":"repeat","background-position":"center center","background-size":"auto","background-attachment":"scroll","background-type":"","background-media":"","overlay-type":"","overlay-color":"","overlay-opacity":"","overlay-gradient":""},"mobile":{"background-color":"","background-image":"","background-repeat":"repeat","background-position":"center center","background-size":"auto","background-attachment":"scroll","background-type":"","background-media":"","overlay-type":"","overlay-color":"","overlay-opacity":"","overlay-gradient":""}},"ast-content-background-meta":{"desktop":{"background-color":"var(--ast-global-color-5)","background-image":"","background-repeat":"repeat","background-position":"center center","background-size":"auto","background-attachment":"scroll","background-type":"","background-media":"","overlay-type":"","overlay-color":"","overlay-opacity":"","overlay-gradient":""},"tablet":{"background-color":"var(--ast-global-color-5)","background-image":"","background-repeat":"repeat","background-position":"center center","background-size":"auto","background-attachment":"scroll","background-type":"","background-media":"","overlay-type":"","overlay-color":"","overlay-opacity":"","overlay-gradient":""},"mobile":{"background-color":"var(--ast-global-color-5)","background-image":"","background-repeat":"repeat","background-position":"center center","background-size":"auto","background-attachment":"scroll","background-type":"","background-media":"","overlay-type":"","overlay-color":"","overlay-opacity":"","overlay-gradient":""}},"footnotes":""},"class_list":["post-571","page","type-page","status-publish","hentry"],"yoast_head":"<!-- This site is optimized with the Yoast SEO plugin v24.7 - https:\/\/yoast.com\/wordpress\/plugins\/seo\/ -->\n<title>Kontakt - Pe\u010denjara Bra\u0107a Pali\u0107<\/title>\n<meta name=\"robots\" content=\"index, follow, max-snippet:-1, max-image-preview:large, max-video-preview:-1\" \/>\n<link rel=\"canonical\" href=\"https:\/\/pecenjarabracapalic.com\/?page_id=571\" \/>\n<meta property=\"og:locale\" content=\"en_US\" \/>\n<meta property=\"og:type\" content=\"article\" \/>\n<meta property=\"og:title\" content=\"Kontakt - Pe\u010denjara Bra\u0107a Pali\u0107\" \/>\n<meta property=\"og:description\" content=\"Naru\u010dite svoje omiljeno jelo Nazovite nas! Na\u0161i dostavlja\u010di marljivo rade da bi do vas stiglo naru\u010deno jelo u najkra\u010dem mogu\u0107em roku. Radno vrijeme 7:00 do 23:00 h Radnim danom, nedjeljom i praznikom 9:00 do 22:30 radno vrijeme dostave 01 \/ 291 15 79091 \/ 16 66 976 Ponekad nas je te\u0161ko dobiti zbog mnogobrojnih narud\u017ebi. [&hellip;]\" \/>\n<meta property=\"og:url\" content=\"https:\/\/pecenjarabracapalic.com\/?page_id=571\" \/>\n<meta property=\"og:site_name\" content=\"Pe\u010denjara Bra\u0107a Pali\u0107\" \/>\n<meta property=\"article:modified_time\" content=\"2024-08-08T15:29:47+00:00\" \/>\n<meta property=\"og:image\" content=\"https:\/\/pecenjarabracapalic.com\/wp-content\/uploads\/2021\/07\/divider-free-img-1.png\" \/>\n<meta name=\"twitter:card\" content=\"summary_large_image\" \/>\n<meta name=\"twitter:label1\" content=\"Est. reading time\" \/>\n\t<meta name=\"twitter:data1\" content=\"1 minute\" \/>\n<script type=\"application\/ld+json\" class=\"yoast-schema-graph\">{\"@context\":\"https:\/\/schema.org\",\"@graph\":[{\"@type\":\"WebPage\",\"@id\":\"https:\/\/pecenjarabracapalic.com\/?page_id=571\",\"url\":\"https:\/\/pecenjarabracapalic.com\/?page_id=571\",\"name\":\"Kontakt - Pe\u010denjara Bra\u0107a Pali\u0107\",\"isPartOf\":{\"@id\":\"https:\/\/pecenjarabracapalic.com\/#website\"},\"primaryImageOfPage\":{\"@id\":\"https:\/\/pecenjarabracapalic.com\/?page_id=571#primaryimage\"},\"image\":{\"@id\":\"https:\/\/pecenjarabracapalic.com\/?page_id=571#primaryimage\"},\"thumbnailUrl\":\"https:\/\/pecenjarabracapalic.com\/wp-content\/uploads\/2021\/07\/divider-free-img-1.png\",\"datePublished\":\"2018-10-01T13:10:34+00:00\",\"dateModified\":\"2024-08-08T15:29:47+00:00\",\"breadcrumb\":{\"@id\":\"https:\/\/pecenjarabracapalic.com\/?page_id=571#breadcrumb\"},\"inLanguage\":\"en-US\",\"potentialAction\":[{\"@type\":\"ReadAction\",\"target\":[\"https:\/\/pecenjarabracapalic.com\/?page_id=571\"]}]},{\"@type\":\"ImageObject\",\"inLanguage\":\"en-US\",\"@id\":\"https:\/\/pecenjarabracapalic.com\/?page_id=571#primaryimage\",\"url\":\"https:\/\/pecenjarabracapalic.com\/wp-content\/uploads\/2021\/07\/divider-free-img-1.png\",\"contentUrl\":\"https:\/\/pecenjarabracapalic.com\/wp-content\/uploads\/2021\/07\/divider-free-img-1.png\",\"width\":200,\"height\":35},{\"@type\":\"BreadcrumbList\",\"@id\":\"https:\/\/pecenjarabracapalic.com\/?page_id=571#breadcrumb\",\"itemListElement\":[{\"@type\":\"ListItem\",\"position\":1,\"name\":\"Home\",\"item\":\"https:\/\/pecenjarabracapalic.com\/\"},{\"@type\":\"ListItem\",\"position\":2,\"name\":\"Kontakt\"}]},{\"@type\":\"WebSite\",\"@id\":\"https:\/\/pecenjarabracapalic.com\/#website\",\"url\":\"https:\/\/pecenjarabracapalic.com\/\",\"name\":\"Pe\u010denjara Bra\u0107a Pali\u0107\",\"description\":\"Najbolji ro\u0161tilj u Dubravi\",\"publisher\":{\"@id\":\"https:\/\/pecenjarabracapalic.com\/#organization\"},\"potentialAction\":[{\"@type\":\"SearchAction\",\"target\":{\"@type\":\"EntryPoint\",\"urlTemplate\":\"https:\/\/pecenjarabracapalic.com\/?s={search_term_string}\"},\"query-input\":{\"@type\":\"PropertyValueSpecification\",\"valueRequired\":true,\"valueName\":\"search_term_string\"}}],\"inLanguage\":\"en-US\"},{\"@type\":\"Organization\",\"@id\":\"https:\/\/pecenjarabracapalic.com\/#organization\",\"name\":\"Pe\u010denjara bra\u0107a Pali\u0107\",\"url\":\"https:\/\/pecenjarabracapalic.com\/\",\"logo\":{\"@type\":\"ImageObject\",\"inLanguage\":\"en-US\",\"@id\":\"https:\/\/pecenjarabracapalic.com\/#\/schema\/logo\/image\/\",\"url\":\"https:\/\/pecenjarabracapalic.com\/wp-content\/uploads\/2021\/07\/Pecenjara-braca-palic-logo.png\",\"contentUrl\":\"https:\/\/pecenjarabracapalic.com\/wp-content\/uploads\/2021\/07\/Pecenjara-braca-palic-logo.png\",\"width\":201,\"height\":120,\"caption\":\"Pe\u010denjara bra\u0107a Pali\u0107\"},\"image\":{\"@id\":\"https:\/\/pecenjarabracapalic.com\/#\/schema\/logo\/image\/\"}}]}<\/script>\n<!-- \/ Yoast SEO plugin. -->","yoast_head_json":{"title":"Kontakt - Pe\u010denjara Bra\u0107a Pali\u0107","robots":{"index":"index","follow":"follow","max-snippet":"max-snippet:-1","max-image-preview":"max-image-preview:large","max-video-preview":"max-video-preview:-1"},"canonical":"https:\/\/pecenjarabracapalic.com\/?page_id=571","og_locale":"en_US","og_type":"article","og_title":"Kontakt - Pe\u010denjara Bra\u0107a Pali\u0107","og_description":"Naru\u010dite svoje omiljeno jelo Nazovite nas! Na\u0161i dostavlja\u010di marljivo rade da bi do vas stiglo naru\u010deno jelo u najkra\u010dem mogu\u0107em roku. Radno vrijeme 7:00 do 23:00 h Radnim danom, nedjeljom i praznikom 9:00 do 22:30 radno vrijeme dostave 01 \/ 291 15 79091 \/ 16 66 976 Ponekad nas je te\u0161ko dobiti zbog mnogobrojnih narud\u017ebi. [&hellip;]","og_url":"https:\/\/pecenjarabracapalic.com\/?page_id=571","og_site_name":"Pe\u010denjara Bra\u0107a Pali\u0107","article_modified_time":"2024-08-08T15:29:47+00:00","og_image":[{"url":"https:\/\/pecenjarabracapalic.com\/wp-content\/uploads\/2021\/07\/divider-free-img-1.png","type":"","width":"","height":""}],"twitter_card":"summary_large_image","twitter_misc":{"Est. reading time":"1 minute"},"schema":{"@context":"https:\/\/schema.org","@graph":[{"@type":"WebPage","@id":"https:\/\/pecenjarabracapalic.com\/?page_id=571","url":"https:\/\/pecenjarabracapalic.com\/?page_id=571","name":"Kontakt - Pe\u010denjara Bra\u0107a Pali\u0107","isPartOf":{"@id":"https:\/\/pecenjarabracapalic.com\/#website"},"primaryImageOfPage":{"@id":"https:\/\/pecenjarabracapalic.com\/?page_id=571#primaryimage"},"image":{"@id":"https:\/\/pecenjarabracapalic.com\/?page_id=571#primaryimage"},"thumbnailUrl":"https:\/\/pecenjarabracapalic.com\/wp-content\/uploads\/2021\/07\/divider-free-img-1.png","datePublished":"2018-10-01T13:10:34+00:00","dateModified":"2024-08-08T15:29:47+00:00","breadcrumb":{"@id":"https:\/\/pecenjarabracapalic.com\/?page_id=571#breadcrumb"},"inLanguage":"en-US","potentialAction":[{"@type":"ReadAction","target":["https:\/\/pecenjarabracapalic.com\/?page_id=571"]}]},{"@type":"ImageObject","inLanguage":"en-US","@id":"https:\/\/pecenjarabracapalic.com\/?page_id=571#primaryimage","url":"https:\/\/pecenjarabracapalic.com\/wp-content\/uploads\/2021\/07\/divider-free-img-1.png","contentUrl":"https:\/\/pecenjarabracapalic.com\/wp-content\/uploads\/2021\/07\/divider-free-img-1.png","width":200,"height":35},{"@type":"BreadcrumbList","@id":"https:\/\/pecenjarabracapalic.com\/?page_id=571#breadcrumb","itemListElement":[{"@type":"ListItem","position":1,"name":"Home","item":"https:\/\/pecenjarabracapalic.com\/"},{"@type":"ListItem","position":2,"name":"Kontakt"}]},{"@type":"WebSite","@id":"https:\/\/pecenjarabracapalic.com\/#website","url":"https:\/\/pecenjarabracapalic.com\/","name":"Pe\u010denjara Bra\u0107a Pali\u0107","description":"Najbolji ro\u0161tilj u Dubravi","publisher":{"@id":"https:\/\/pecenjarabracapalic.com\/#organization"},"potentialAction":[{"@type":"SearchAction","target":{"@type":"EntryPoint","urlTemplate":"https:\/\/pecenjarabracapalic.com\/?s={search_term_string}"},"query-input":{"@type":"PropertyValueSpecification","valueRequired":true,"valueName":"search_term_string"}}],"inLanguage":"en-US"},{"@type":"Organization","@id":"https:\/\/pecenjarabracapalic.com\/#organization","name":"Pe\u010denjara bra\u0107a Pali\u0107","url":"https:\/\/pecenjarabracapalic.com\/","logo":{"@type":"ImageObject","inLanguage":"en-US","@id":"https:\/\/pecenjarabracapalic.com\/#\/schema\/logo\/image\/","url":"https:\/\/pecenjarabracapalic.com\/wp-content\/uploads\/2021\/07\/Pecenjara-braca-palic-logo.png","contentUrl":"https:\/\/pecenjarabracapalic.com\/wp-content\/uploads\/2021\/07\/Pecenjara-braca-palic-logo.png","width":201,"height":120,"caption":"Pe\u010denjara bra\u0107a Pali\u0107"},"image":{"@id":"https:\/\/pecenjarabracapalic.com\/#\/schema\/logo\/image\/"}}]}},"_links":{"self":[{"href":"https:\/\/pecenjarabracapalic.com\/index.php?rest_route=\/wp\/v2\/pages\/571","targetHints":{"allow":["GET"]}}],"collection":[{"href":"https:\/\/pecenjarabracapalic.com\/index.php?rest_route=\/wp\/v2\/pages"}],"about":[{"href":"https:\/\/pecenjarabracapalic.com\/index.php?rest_route=\/wp\/v2\/types\/page"}],"author":[{"embeddable":true,"href":"https:\/\/pecenjarabracapalic.com\/index.php?rest_route=\/wp\/v2\/users\/2"}],"replies":[{"embeddable":true,"href":"https:\/\/pecenjarabracapalic.com\/index.php?rest_route=%2Fwp%2Fv2%2Fcomments&post=571"}],"version-history":[{"count":22,"href":"https:\/\/pecenjarabracapalic.com\/index.php?rest_route=\/wp\/v2\/pages\/571\/revisions"}],"predecessor-version":[{"id":949,"href":"https:\/\/pecenjarabracapalic.com\/index.php?rest_route=\/wp\/v2\/pages\/571\/revisions\/949"}],"wp:attachment":[{"href":"https:\/\/pecenjarabracapalic.com\/index.php?rest_route=%2Fwp%2Fv2%2Fmedia&parent=571"}],"curies":[{"name":"wp","href":"https:\/\/api.w.org\/{rel}","templated":true}]}}